{"id":106,"date":"2016-09-18T19:48:49","date_gmt":"2016-09-18T17:48:49","guid":{"rendered":"http:\/\/lab.awfis.net\/?page_id=106"},"modified":"2016-09-21T11:00:24","modified_gmt":"2016-09-21T09:00:24","slug":"monitorowanie-sportowcow","status":"publish","type":"page","link":"https:\/\/lab.awfis.net\/?page_id=106","title":{"rendered":"Monitorowanie sportowc\u00f3w"},"content":{"rendered":"<p>Pe\u0142ne zestawy test\u00f3w i pomiar\u00f3w jakie s\u0105 obecnie stosowane we wsp\u00f3\u0142czesnym sporcie.<\/p>\n<p><!--more--> G\u0142\u00f3wnym nurtem s\u0105\u00a0 badania sportowc\u00f3w r\u00f3\u017cnych dyscyplin, kt\u00f3rych mo\u017cna kompleksowo monitorowa\u0107 podczas wysi\u0142ku oraz okre\u015bli\u0107 ich poziom wytrenowania pod k\u0105tem fizjologicznym, biomechanicznym czy psychomotorycznym.<\/p>\n<p>Obecnie laboratorium to obiekt dwupoziomowy. Na dolnym poziomie znajduje si\u0119 m.in. Biodex <em>System 4 Pro<\/em>., dwa ergospirometry firmy Jaeger \u2013 stacjonarny <em>Oxycon Pro<\/em> oraz mobilny <em>Oxycon Mobile<\/em>.\u00a0Zawodnicy do bada\u0144 wydolno\u015bciowych maj\u0105 do dyspozycji bie\u017cni\u0119 <em>h\/p\/cosmos\/saturn<\/em> z regulacj\u0105 pr\u0119dko\u015bci w zakresie 0-40 km\/h i nachylenia 0-25%.\u00a0 Do diagnostyki i analizy postawy cia\u0142a oraz kszta\u0142tu i zakresu ruchomo\u015bci kr\u0119gos\u0142upa s\u0142u\u017c\u0105 urz\u0105dzenia firmy Zebris., <em>InBody720<\/em>. Jest to jedyne urz\u0105dzenie do pomiaru sk\u0142adu cia\u0142a, kt\u00f3re przedstawia warto\u015bci impedancji 5 cz\u0119\u015bci cia\u0142a i wykorzystuje 6 r\u00f3\u017cnych cz\u0119stotliwo\u015bci (1 kHz, 5 kHz, 50 kHz, 250\u00a0kHz, 500 kHz, 1000 kHz). Laboratorium wyposa\u017cone jest w zestaw narz\u0119dzi do pomiar\u00f3w antropologicznych \u2013 profesjonalne goniometry i inklinometr mechaniczny. Narz\u0119dzia te s\u0142u\u017c\u0105 do pomiaru krzywizn cia\u0142a i zakresu ruchu w stawach.<\/p>\n<p>Do pomiaru izometrycznego zakresu si\u0142y u\u015bcisku d\u0142oni s\u0142u\u017cy dynamometr hydrauliczny <em>Saehan<\/em>.<\/p>\n<p>Do rejestracji wysi\u0142k\u00f3w startowych i obci\u0105\u017ce\u0144 treningowych w grach zespo\u0142owych s\u0142u\u017c\u0105 3 zestawy <em>Polar Team System<\/em>, sk\u0142adaj\u0105ce si\u0119 z nadajnik\u00f3w dla 10 zawodnik\u00f3w, interfejsu \u2013 \u0142adowarki do przekazu danych do komputera i zasilacza. Nadajniki posiadaj\u0105 pami\u0119\u0107 11 godzin. Pami\u0119\u0107 z\u00a0nadajnik\u00f3w przesy\u0142ana jest do programu komputerowego do analizy. W programie istnieje mo\u017cliwo\u015b\u0107 r\u00f3wnoczesnej analizy zapisu t\u0119tna wszystkich zawodnik\u00f3w bior\u0105cych udzia\u0142 w treningu lub zawodach i tym samym por\u00f3wnywania reakcji ka\u017cdego z nich na obci\u0105\u017cenia organizmu wysi\u0142kiem fizycznym. System ten nie wymaga u\u017cywania odbiornik\u00f3w na r\u0119ce zawodnika i likwiduje zak\u0142\u00f3cenia zewn\u0119trzne wywo\u0142ane np. polem magnetycznym.<\/p>\n<p>Do kontroli obci\u0105\u017cenia w sportach indywidualnych s\u0142u\u017cy 30 zestaw\u00f3w monitor\u00f3w serca <em>Polar 400cx<\/em>.<\/p>\n<p>&nbsp;<\/p>\n","protected":false},"excerpt":{"rendered":"<p>Pe\u0142ne zestawy test\u00f3w i pomiar\u00f3w jakie s\u0105 obecnie stosowane we wsp\u00f3\u0142czesnym sporcie.<\/p>\n","protected":false},"author":1,"featured_media":0,"parent":0,"menu_order":0,"comment_status":"closed","ping_status":"closed","template":"","meta":{"jetpack_post_was_ever_published":false,"footnotes":""},"class_list":["post-106","page","type-page","status-publish","hentry"],"jetpack_sharing_enabled":true,"jetpack_shortlink":"https:\/\/wp.me\/P7UwVE-1I","_links":{"self":[{"href":"https:\/\/lab.awfis.net\/index.php?rest_route=\/wp\/v2\/pages\/106","targetHints":{"allow":["GET"]}}],"collection":[{"href":"https:\/\/lab.awfis.net\/index.php?rest_route=\/wp\/v2\/pages"}],"about":[{"href":"https:\/\/lab.awfis.net\/index.php?rest_route=\/wp\/v2\/types\/page"}],"author":[{"embeddable":true,"href":"https:\/\/lab.awfis.net\/index.php?rest_route=\/wp\/v2\/users\/1"}],"replies":[{"embeddable":true,"href":"https:\/\/lab.awfis.net\/index.php?rest_route=%2Fwp%2Fv2%2Fcomments&post=106"}],"version-history":[{"count":6,"href":"https:\/\/lab.awfis.net\/index.php?rest_route=\/wp\/v2\/pages\/106\/revisions"}],"predecessor-version":[{"id":1469,"href":"https:\/\/lab.awfis.net\/index.php?rest_route=\/wp\/v2\/pages\/106\/revisions\/1469"}],"wp:attachment":[{"href":"https:\/\/lab.awfis.net\/index.php?rest_route=%2Fwp%2Fv2%2Fmedia&parent=106"}],"curies":[{"name":"wp","href":"https:\/\/api.w.org\/{rel}","templated":true}]}}