{"id":111,"date":"2016-09-18T19:50:50","date_gmt":"2016-09-18T17:50:50","guid":{"rendered":"http:\/\/lab.awfis.net\/?page_id=111"},"modified":"2016-09-21T11:04:34","modified_gmt":"2016-09-21T09:04:34","slug":"mobilna-aparatura","status":"publish","type":"page","link":"https:\/\/lab.awfis.net\/?page_id=111","title":{"rendered":"Mobilna aparatura"},"content":{"rendered":"<p>Badania\u00a0mo\u017cna prowadzi\u0107 w terenie, w realnych warunkach treningowych i startowych.<\/p>\n<p><!--more--><\/p>\n<p>Na wyposa\u017ceniu laboratorium s\u0105 r\u00f3wnie\u017c urz\u0105dzenia do monitoringu zawodnik\u00f3w w grach zespo\u0142owych. Unikalnym sprz\u0119tem, bo jedynym takim w Polsce, jest system pozycjonowania zawodnik\u00f3w australijskiej firmy Catapult, \u015bwiatowego lidera w tego typu analityce sportowej. Z tego systemu korzysta ponad 300 klient\u00f3w na ca\u0142ym \u015bwiecie \u2013 instytucji naukowych, sportowych federacji narodowych czy klub\u00f3w, m.in. New York Knicks, Dallas Cowboys, AC Milan. System sk\u0142ada si\u0119 z oprogramowania, anteny zbieraj\u0105cej dane z 16 urz\u0105dze\u0144 <em>MinimaxX S4<\/em> \u2013 lekkich (67 g) odbiornik\u00f3w wyposa\u017conych w 10\u00a0Hz GPS (do analizy pr\u0119dko\u015bci, odleg\u0142o\u015bci, po\u0142o\u017cenia), 100\u00a0Hz akcelerometry (do pomiaru m.in. przyspieszenia, czasu reakcji), 3D magnetometry (do analizy kierunku ruchu), 3D 100\u00a0Hz \u017cyroskopy (do analizy z dok\u0142adno\u015bci\u0105 1200 stopni na sekund\u0119 m.in. szybko\u015bci obrotu, zwod\u00f3w); mo\u017cliwy jest r\u00f3wnie\u017c odczyt t\u0119tna z nadajnik\u00f3w firmy Polar.<\/p>\n<p>Do kontroli obci\u0105\u017cenia w sportach indywidualnych s\u0142u\u017cy 30 zestaw\u00f3w monitor\u00f3w serca <em>Polar 400cx<\/em>.<\/p>\n<p>System <em>PELETON plus<\/em> s\u0142u\u017cy do prowadzenia wielostanowiskowej rehabilitacji kardiologicznej lub rehabilitacji ruchowej. System gwarantuje ka\u017cdemu pacjentowi wchodz\u0105cemu w sk\u0142ad grupy treningowej indywidualny tok \u0107wicze\u0144, nadz\u00f3r medyczny w trakcie przeprowadzania treningu, tworzenie dokumentacji treningu rehabilitacyjnego i do\u0142\u0105czanie jej do indywidualnej bazy danych pacjenta. System zwi\u0119ksza komfort pracy os\u00f3b prowadz\u0105cych trening, automatyzuj\u0105c wykonanie wielu niezb\u0119dnych czynno\u015bci, m.in. wykorzystuj\u0105c czytnik kart chipowych, kojarz\u0105c pacjent\u00f3w z zadajnikami obci\u0105\u017cenia. Na system <em>PELETON plus<\/em> sk\u0142ada si\u0119 centralne stanowisko steruj\u0105ce z dwoma monitorami LCD oraz 8 zadajnik\u00f3w wysi\u0142ku w postaci cykloergometr\u00f3w <em>ERM-200<\/em> i bie\u017cni <em>ERT-200<\/em> oraz bezprzewodowych modu\u0142\u00f3w EKG.<\/p>\n<p>Przeprowadzono np. badania narciarzy na stoku, pi\u0142karzy na boisku, biegaczy na stadionie itp.<\/p>\n<p>&nbsp;<\/p>\n","protected":false},"excerpt":{"rendered":"<p>Badania\u00a0mo\u017cna prowadzi\u0107 w terenie, w realnych warunkach treningowych i startowych.<\/p>\n","protected":false},"author":1,"featured_media":0,"parent":0,"menu_order":0,"comment_status":"closed","ping_status":"closed","template":"","meta":{"jetpack_post_was_ever_published":false,"footnotes":""},"class_list":["post-111","page","type-page","status-publish","hentry"],"jetpack_sharing_enabled":true,"jetpack_shortlink":"https:\/\/wp.me\/P7UwVE-1N","_links":{"self":[{"href":"https:\/\/lab.awfis.net\/index.php?rest_route=\/wp\/v2\/pages\/111","targetHints":{"allow":["GET"]}}],"collection":[{"href":"https:\/\/lab.awfis.net\/index.php?rest_route=\/wp\/v2\/pages"}],"about":[{"href":"https:\/\/lab.awfis.net\/index.php?rest_route=\/wp\/v2\/types\/page"}],"author":[{"embeddable":true,"href":"https:\/\/lab.awfis.net\/index.php?rest_route=\/wp\/v2\/users\/1"}],"replies":[{"embeddable":true,"href":"https:\/\/lab.awfis.net\/index.php?rest_route=%2Fwp%2Fv2%2Fcomments&post=111"}],"version-history":[{"count":5,"href":"https:\/\/lab.awfis.net\/index.php?rest_route=\/wp\/v2\/pages\/111\/revisions"}],"predecessor-version":[{"id":1473,"href":"https:\/\/lab.awfis.net\/index.php?rest_route=\/wp\/v2\/pages\/111\/revisions\/1473"}],"wp:attachment":[{"href":"https:\/\/lab.awfis.net\/index.php?rest_route=%2Fwp%2Fv2%2Fmedia&parent=111"}],"curies":[{"name":"wp","href":"https:\/\/api.w.org\/{rel}","templated":true}]}}