{"id":113,"date":"2016-09-18T19:51:25","date_gmt":"2016-09-18T17:51:25","guid":{"rendered":"http:\/\/lab.awfis.net\/?page_id=113"},"modified":"2016-09-21T11:06:37","modified_gmt":"2016-09-21T09:06:37","slug":"wspolpraca-naukowa","status":"publish","type":"page","link":"https:\/\/lab.awfis.net\/?page_id=113","title":{"rendered":"Wsp\u00f3\u0142praca naukowa"},"content":{"rendered":"<p>Wsp\u00f3\u0142praca ze specjalistami i naukowcami w wielu dziedzinach i z r\u00f3\u017cnych o\u015brodk\u00f3w naukowych.<!--more--><\/p>\n<p>W laboratorium mo\u017cna przeprowadza\u0107 badania w nast\u0119puj\u0105cych dziedzinach: fizjologia (testy wydolno\u015bci), biomechanika (pomiary si\u0142y mi\u0119\u015bniowej w statyce i dynamice, pozycjonowanie zawodnika na polu gry, rejestracja ruchu w 3D, pomiar si\u0142y reakcji pod\u0142o\u017ca), antropometria (pomiary cia\u0142a, okre\u015blenie sk\u0142adu cia\u0142a), psychologia<\/p>\n<p>Do bada\u0144 psychologicznych i psychomotorycznych laboratorium zakupi\u0142o <em>Wiede\u0144ski system test\u00f3w<\/em>. Jest to nowoczesny i zaawansowany system komputerowych test\u00f3w kt\u00f3re pomagaj\u0105 w diagnozowaniu w obszarach, takich jak: psychologia sportu, psychomotoryka, diagnoza zdolno\u015bci, psychologia pracy i organizacji, poradnictwo edukacyjne i zawodowe, psychologia zdrowia, psychologia wychowawcza, psychologia medyczna i farmakologiczna, psychologia kliniczna, neuropsychologia.<\/p>\n<p>&nbsp;<\/p>\n","protected":false},"excerpt":{"rendered":"<p>Wsp\u00f3\u0142praca ze specjalistami i naukowcami w wielu dziedzinach i z r\u00f3\u017cnych o\u015brodk\u00f3w naukowych.<\/p>\n","protected":false},"author":1,"featured_media":0,"parent":0,"menu_order":0,"comment_status":"closed","ping_status":"closed","template":"","meta":{"jetpack_post_was_ever_published":false,"footnotes":""},"class_list":["post-113","page","type-page","status-publish","hentry"],"jetpack_sharing_enabled":true,"jetpack_shortlink":"https:\/\/wp.me\/P7UwVE-1P","_links":{"self":[{"href":"https:\/\/lab.awfis.net\/index.php?rest_route=\/wp\/v2\/pages\/113","targetHints":{"allow":["GET"]}}],"collection":[{"href":"https:\/\/lab.awfis.net\/index.php?rest_route=\/wp\/v2\/pages"}],"about":[{"href":"https:\/\/lab.awfis.net\/index.php?rest_route=\/wp\/v2\/types\/page"}],"author":[{"embeddable":true,"href":"https:\/\/lab.awfis.net\/index.php?rest_route=\/wp\/v2\/users\/1"}],"replies":[{"embeddable":true,"href":"https:\/\/lab.awfis.net\/index.php?rest_route=%2Fwp%2Fv2%2Fcomments&post=113"}],"version-history":[{"count":6,"href":"https:\/\/lab.awfis.net\/index.php?rest_route=\/wp\/v2\/pages\/113\/revisions"}],"predecessor-version":[{"id":1474,"href":"https:\/\/lab.awfis.net\/index.php?rest_route=\/wp\/v2\/pages\/113\/revisions\/1474"}],"wp:attachment":[{"href":"https:\/\/lab.awfis.net\/index.php?rest_route=%2Fwp%2Fv2%2Fmedia&parent=113"}],"curies":[{"name":"wp","href":"https:\/\/api.w.org\/{rel}","templated":true}]}}