{"id":1306,"date":"2016-02-04T13:12:09","date_gmt":"2016-02-04T12:12:09","guid":{"rendered":"http:\/\/lab.awfis.net\/?page_id=1306"},"modified":"2016-10-02T12:02:43","modified_gmt":"2016-10-02T10:02:43","slug":"studenckie-kolo-naukowe","status":"publish","type":"page","link":"https:\/\/lab.awfis.net\/?page_id=1306","title":{"rendered":"Studenckie Ko\u0142o Naukowe"},"content":{"rendered":"<h1 style=\"text-align: center;\">Tematyka zaj\u0119\u0107 w SKN Laboratorium Wysi\u0142ku Fizycznego<\/h1>\n<p><span style=\"text-decoration: underline;\">1. Pomiary parametr\u00f3w biomechanicznych i fizjologicznych cz\u0142owieka<\/span><\/p>\n<p>&#8211; pomiary m.in. moment\u00f3w si\u0142 mi\u0119\u015bniowych, sk\u0142adu cia\u0142a, pu\u0142apu tlenowego, parametr\u00f3w chodu, biegu, skoku, si\u0142y reakcji pod\u0142o\u017ca i wiele innych<br \/>\n<span style=\"text-decoration: underline;\">2. Analiza video techniki ruchu<\/span><\/p>\n<p>&#8211; praca z profesjonaln\u0105 kamer\u0105 nagrywaj\u0105c\u0105 w Super Slowmotion (800 kl\/s w HD) i specjalnymi programami do monta\u017cu video i analizy ruchu<\/p>\n<p>&nbsp;<\/p>\n<p><span style=\"text-decoration: underline;\">3. Przeprowadzanie test\u00f3w sprawno\u015bci fizycznej w laboratorium i w terenie przy pomocy specjalistycznych urz\u0105dze\u0144 pomiarowych<\/span><\/p>\n<p>&nbsp;<\/p>\n<p>Cz\u0142onkowie SKN maj\u0105 mo\u017cliwo\u015bci w zakresie:<\/p>\n<ul>\n<li>przeszkolenia w obs\u0142udze specjalistycznej aparatury pomiarowej.<\/li>\n<li>zbierania materia\u0142\u00f3w do pracy dyplomowej<\/li>\n<li>uczestniczenia w ciekawych projektach naukowych<\/li>\n<li>poszerzania swojej wiedzy w zakresie metodologii bada\u0144<\/li>\n<li>poznanie nowoczesnych \u015brodk\u00f3w monitorowania treningu sportowego i rehabilitacji<\/li>\n<\/ul>\n<p>Wszystkich ch\u0119tnych zapraszamy do kontaktu w laboratorium lub na email:<\/p>\n<p>Piotr Aschenbrenner sqarko@gmail.com<\/p>\n<p>Robert Urba\u0144ski urbanski.robert.gda@gmail.com<\/p>\n","protected":false},"excerpt":{"rendered":"<p>Tematyka zaj\u0119\u0107 w SKN Laboratorium Wysi\u0142ku Fizycznego 1. Pomiary parametr\u00f3w biomechanicznych i fizjologicznych cz\u0142owieka &#8211; pomiary m.in. moment\u00f3w si\u0142 mi\u0119\u015bniowych, sk\u0142adu cia\u0142a, pu\u0142apu tlenowego, parametr\u00f3w chodu, biegu, skoku, si\u0142y reakcji pod\u0142o\u017ca i wiele innych 2. Analiza video techniki ruchu &#8211; praca z profesjonaln\u0105 kamer\u0105 nagrywaj\u0105c\u0105 w Super Slowmotion (800 kl\/s w HD) i specjalnymi programami do monta\u017cu video i analizy ruchu &nbsp; 3. Przeprowadzanie test\u00f3w [&hellip;]<\/p>\n","protected":false},"author":1,"featured_media":0,"parent":0,"menu_order":0,"comment_status":"closed","ping_status":"closed","template":"","meta":{"jetpack_post_was_ever_published":false,"footnotes":""},"class_list":["post-1306","page","type-page","status-publish","hentry"],"jetpack_sharing_enabled":true,"jetpack_shortlink":"https:\/\/wp.me\/P7UwVE-l4","_links":{"self":[{"href":"https:\/\/lab.awfis.net\/index.php?rest_route=\/wp\/v2\/pages\/1306","targetHints":{"allow":["GET"]}}],"collection":[{"href":"https:\/\/lab.awfis.net\/index.php?rest_route=\/wp\/v2\/pages"}],"about":[{"href":"https:\/\/lab.awfis.net\/index.php?rest_route=\/wp\/v2\/types\/page"}],"author":[{"embeddable":true,"href":"https:\/\/lab.awfis.net\/index.php?rest_route=\/wp\/v2\/users\/1"}],"replies":[{"embeddable":true,"href":"https:\/\/lab.awfis.net\/index.php?rest_route=%2Fwp%2Fv2%2Fcomments&post=1306"}],"version-history":[{"count":1,"href":"https:\/\/lab.awfis.net\/index.php?rest_route=\/wp\/v2\/pages\/1306\/revisions"}],"predecessor-version":[{"id":1478,"href":"https:\/\/lab.awfis.net\/index.php?rest_route=\/wp\/v2\/pages\/1306\/revisions\/1478"}],"wp:attachment":[{"href":"https:\/\/lab.awfis.net\/index.php?rest_route=%2Fwp%2Fv2%2Fmedia&parent=1306"}],"curies":[{"name":"wp","href":"https:\/\/api.w.org\/{rel}","templated":true}]}}