{"id":163,"date":"2013-10-13T12:38:21","date_gmt":"2013-10-13T10:38:21","guid":{"rendered":"http:\/\/lab.awfis.net\/?page_id=54"},"modified":"2016-10-02T11:58:55","modified_gmt":"2016-10-02T09:58:55","slug":"badania","status":"publish","type":"page","link":"https:\/\/lab.awfis.net\/?page_id=163","title":{"rendered":"Badania"},"content":{"rendered":"<p>W laboratorium mo\u017cna przeprowadza\u0107 badania w nast\u0119puj\u0105cych dziedzinach:<\/p>\n<p><strong>\u00a0<\/strong><\/p>\n<div class=\"su-spoiler su-spoiler-style-fancy su-spoiler-icon-plus su-spoiler-closed\" data-scroll-offset=\"0\" data-anchor-in-url=\"no\"><div class=\"su-spoiler-title\" tabindex=\"0\" role=\"button\"><span class=\"su-spoiler-icon\"><\/span>Fizjologia<\/div><div class=\"su-spoiler-content su-u-clearfix su-u-trim\">\n<p>&#8211; \u00a0Wydolno\u015b\u0107 tlenowa. Metoda po\u015brednia. Test PWC<sub><strong>170 <\/strong><\/sub><\/p>\n<p>&#8211; Wydolno\u015b\u0107 tlenowa. Metoda bezpo\u015brednia. Stopniowany wysi\u0142ek \u201edo wyczerpania\u201d.<\/p>\n<p>&#8211; Wydolno\u015bci beztlenowa. Test Wingate (30 sekund) <\/div><\/div>\n<div class=\"su-spoiler su-spoiler-style-fancy su-spoiler-icon-plus su-spoiler-closed\" data-scroll-offset=\"0\" data-anchor-in-url=\"no\"><div class=\"su-spoiler-title\" tabindex=\"0\" role=\"button\"><span class=\"su-spoiler-icon\"><\/span>Biomechanika<\/div><div class=\"su-spoiler-content su-u-clearfix su-u-trim\">\n<p>&#8211; si\u0142y mi\u0119sniowe w statyce i dynamice<\/p>\n<p class=\"sticky\">&#8211; Si\u0142a izometryczna r\u0119ki. \u015acisk dynamometru r\u0119cznego (HGR \u2013 Hand Grip), EUROFIT.<\/p>\n<p class=\"sticky\">&#8211; rejestracja ruchu w 3D<\/p>\n<p class=\"sticky\">&#8211; si\u0142y reakcji pod\u0142o\u017ca<\/p>\n<p class=\"sticky\">&#8211; Zdolno\u015bci si\u0142owo \u2013 szybko\u015bciowe ko\u0144czyn dolnych (skoczno\u015b\u0107 i moc maksymalna). Wyskoki pionowe <strong>na platformie dynamometrycznej.<\/strong><\/p>\n<p class=\"sticky\"><\/div><\/div>\n<p class=\"sticky\"><div class=\"su-spoiler su-spoiler-style-fancy su-spoiler-icon-plus su-spoiler-closed\" data-scroll-offset=\"0\" data-anchor-in-url=\"no\"><div class=\"su-spoiler-title\" tabindex=\"0\" role=\"button\"><span class=\"su-spoiler-icon\"><\/span>Antropometria<\/div><div class=\"su-spoiler-content su-u-clearfix su-u-trim\">\n<p>&#8211; pomiary cia\u0142a w pe\u0142nym zakresie<\/p>\n<p>&#8211; Sprawno\u015b\u0107 funkcji uk\u0142adu oddechowego. Spirometria statyczna i dynamiczna.<\/p>\n<\/div><\/div>\n<div class=\"su-spoiler su-spoiler-style-fancy su-spoiler-icon-plus su-spoiler-closed\" data-scroll-offset=\"0\" data-anchor-in-url=\"no\"><div class=\"su-spoiler-title\" tabindex=\"0\" role=\"button\"><span class=\"su-spoiler-icon\"><\/span>Psychologia<\/div><div class=\"su-spoiler-content su-u-clearfix su-u-trim\">\n<p>&#8211; testy WST<\/p>\n<\/div><\/div>\n<div class=\"su-spoiler su-spoiler-style-fancy su-spoiler-icon-plus su-spoiler-closed\" data-scroll-offset=\"0\" data-anchor-in-url=\"no\"><div class=\"su-spoiler-title\" tabindex=\"0\" role=\"button\"><span class=\"su-spoiler-icon\"><\/span>Biologia<\/div><div class=\"su-spoiler-content su-u-clearfix su-u-trim\">\n<\/div><\/div>\n<div class=\"su-spoiler su-spoiler-style-fancy su-spoiler-icon-plus su-spoiler-closed\" data-scroll-offset=\"0\" data-anchor-in-url=\"no\"><div class=\"su-spoiler-title\" tabindex=\"0\" role=\"button\"><span class=\"su-spoiler-icon\"><\/span>Genetyka<\/div><div class=\"su-spoiler-content su-u-clearfix su-u-trim\">\n<p>&nbsp;<\/p>\n<\/div><\/div>\n<h1><a href=\"http:\/\/lab.awfis.net\/wp-content\/uploads\/2016\/09\/lista-bada%C5%84-sport-1.pdf\">Szczeg\u00f3\u0142owy zakres bada\u0144<\/a><\/h1>\n<p>Badania mo\u017cna zamawia\u0107 poprzez formularz na stronie wg za\u0142\u0105czonego regulaminu laboratorium.<\/p>\n<p>Poni\u017csze materia\u0142y dost\u0119pne s\u0105 dla pracownik\u00f3w AWFiS zabezpieczone has\u0142em. Has\u0142o mo\u017cna uzyska\u0107 u pracownik\u00f3w laboratorium.<\/p>\n<p>&nbsp;<\/p>\n<p style=\"margin-bottom: 0cm; text-align: justify;\" align=\"JUSTIFY\"><span style=\"text-decoration: underline;\"><strong>\u00a0<\/strong><\/span><\/p>\n","protected":false},"excerpt":{"rendered":"<p>W laboratorium mo\u017cna przeprowadza\u0107 badania w nast\u0119puj\u0105cych dziedzinach: \u00a0 Szczeg\u00f3\u0142owy zakres bada\u0144 Badania mo\u017cna zamawia\u0107 poprzez formularz na stronie wg za\u0142\u0105czonego regulaminu laboratorium. Poni\u017csze materia\u0142y dost\u0119pne s\u0105 dla pracownik\u00f3w AWFiS zabezpieczone has\u0142em. Has\u0142o mo\u017cna uzyska\u0107 u pracownik\u00f3w laboratorium. &nbsp; \u00a0<\/p>\n","protected":false},"author":1,"featured_media":0,"parent":0,"menu_order":0,"comment_status":"closed","ping_status":"closed","template":"","meta":{"jetpack_post_was_ever_published":false,"footnotes":""},"class_list":["post-163","page","type-page","status-publish","hentry"],"jetpack_sharing_enabled":true,"jetpack_shortlink":"https:\/\/wp.me\/P7UwVE-2D","_links":{"self":[{"href":"https:\/\/lab.awfis.net\/index.php?rest_route=\/wp\/v2\/pages\/163","targetHints":{"allow":["GET"]}}],"collection":[{"href":"https:\/\/lab.awfis.net\/index.php?rest_route=\/wp\/v2\/pages"}],"about":[{"href":"https:\/\/lab.awfis.net\/index.php?rest_route=\/wp\/v2\/types\/page"}],"author":[{"embeddable":true,"href":"https:\/\/lab.awfis.net\/index.php?rest_route=\/wp\/v2\/users\/1"}],"replies":[{"embeddable":true,"href":"https:\/\/lab.awfis.net\/index.php?rest_route=%2Fwp%2Fv2%2Fcomments&post=163"}],"version-history":[{"count":3,"href":"https:\/\/lab.awfis.net\/index.php?rest_route=\/wp\/v2\/pages\/163\/revisions"}],"predecessor-version":[{"id":1576,"href":"https:\/\/lab.awfis.net\/index.php?rest_route=\/wp\/v2\/pages\/163\/revisions\/1576"}],"wp:attachment":[{"href":"https:\/\/lab.awfis.net\/index.php?rest_route=%2Fwp%2Fv2%2Fmedia&parent=163"}],"curies":[{"name":"wp","href":"https:\/\/api.w.org\/{rel}","templated":true}]}}