{"id":49,"date":"2016-09-17T21:10:53","date_gmt":"2016-09-17T19:10:53","guid":{"rendered":"http:\/\/lab.awfis.net\/?page_id=49"},"modified":"2020-10-04T10:35:50","modified_gmt":"2020-10-04T08:35:50","slug":"start","status":"publish","type":"page","link":"https:\/\/lab.awfis.net\/","title":{"rendered":""},"content":{"rendered":"<p><strong>Cel i og\u00f3lne kierunki pracy laboratorium<\/strong><\/p>\n<p>1. Celem dzia\u0142alno\u015bci laboratorium jest prowadzenie bada\u0144 naukowych. Laboratorium jest przeznaczone do wykonywania bada\u0144 naukowych w ramach projekt\u00f3w badawczych realizowanych w Uczelni lub przez Uczelni\u0119. Istnieje mo\u017cliwo\u015b\u0107 wykorzystania potencja\u0142u Studenckich K\u00f3\u0142 Naukowych.<br \/>\n2. Celem g\u0142\u00f3wnym jest umo\u017cliwienie wykonawcom, realizacji bada\u0144 naukowych zgodnie z harmonogramem z\u0142o\u017conym przez kierownik\u00f3w projekt\u00f3w badawczych<\/p>\n<p><strong>Projekt finansowany w ramach Regionalnego Programu Operacyjnego dla Wojew\u00f3dztwa Pomorskiego na lata 2007 \u2013 2013<\/strong><\/p>\n","protected":false},"excerpt":{"rendered":"<p>Cel i og\u00f3lne kierunki pracy laboratorium 1. Celem dzia\u0142alno\u015bci laboratorium jest prowadzenie bada\u0144 naukowych. Laboratorium jest przeznaczone do wykonywania bada\u0144 naukowych w ramach projekt\u00f3w badawczych realizowanych w Uczelni lub przez Uczelni\u0119. Istnieje mo\u017cliwo\u015b\u0107 wykorzystania potencja\u0142u Studenckich K\u00f3\u0142 Naukowych. 2. Celem g\u0142\u00f3wnym jest umo\u017cliwienie wykonawcom, realizacji bada\u0144 naukowych zgodnie z harmonogramem z\u0142o\u017conym przez kierownik\u00f3w projekt\u00f3w badawczych Projekt finansowany w ramach Regionalnego Programu Operacyjnego dla Wojew\u00f3dztwa Pomorskiego [&hellip;]<\/p>\n","protected":false},"author":1,"featured_media":0,"parent":0,"menu_order":0,"comment_status":"closed","ping_status":"closed","template":"","meta":{"jetpack_post_was_ever_published":false,"footnotes":""},"class_list":["post-49","page","type-page","status-publish","hentry"],"jetpack_sharing_enabled":true,"jetpack_shortlink":"https:\/\/wp.me\/P7UwVE-N","_links":{"self":[{"href":"https:\/\/lab.awfis.net\/index.php?rest_route=\/wp\/v2\/pages\/49","targetHints":{"allow":["GET"]}}],"collection":[{"href":"https:\/\/lab.awfis.net\/index.php?rest_route=\/wp\/v2\/pages"}],"about":[{"href":"https:\/\/lab.awfis.net\/index.php?rest_route=\/wp\/v2\/types\/page"}],"author":[{"embeddable":true,"href":"https:\/\/lab.awfis.net\/index.php?rest_route=\/wp\/v2\/users\/1"}],"replies":[{"embeddable":true,"href":"https:\/\/lab.awfis.net\/index.php?rest_route=%2Fwp%2Fv2%2Fcomments&post=49"}],"version-history":[{"count":13,"href":"https:\/\/lab.awfis.net\/index.php?rest_route=\/wp\/v2\/pages\/49\/revisions"}],"predecessor-version":[{"id":6979,"href":"https:\/\/lab.awfis.net\/index.php?rest_route=\/wp\/v2\/pages\/49\/revisions\/6979"}],"wp:attachment":[{"href":"https:\/\/lab.awfis.net\/index.php?rest_route=%2Fwp%2Fv2%2Fmedia&parent=49"}],"curies":[{"name":"wp","href":"https:\/\/api.w.org\/{rel}","templated":true}]}}